{"id":202,"date":"2023-04-14T17:01:34","date_gmt":"2023-04-14T15:01:34","guid":{"rendered":"https:\/\/emmanuelherve.fr\/?page_id=202"},"modified":"2023-12-18T16:25:06","modified_gmt":"2023-12-18T15:25:06","slug":"a-labordage-de-nos-saboteurs","status":"publish","type":"page","link":"https:\/\/emmanuel-herve.com\/index.php\/a-labordage-de-nos-saboteurs\/","title":{"rendered":"Fitness Mental"},"content":{"rendered":"\n<p><br>A travers <a href=\"https:\/\/www.positiveintelligence.com\/program\/\">un programme<\/a> de 6 \u00e0 8 semaines,  je vous accompagne pour faire &#8220;sauter&#8221; ces verrous, &#8220;muscler&#8221; votre cerveau et d\u00e9veloppez vos aptitudes d&#8217;empathie, d&#8217;innovation et d&#8217;action.<\/p>\n\n\n\n<p>Peut \u00eatre avez vous d\u00e9j\u00e0 entendu au fond de vous des petites voix qui vous sugg\u00e8rent une conduite \u00e0 tenir, une attitude \u00e0 avoir ? <br>Ce sont nos saboteurs. Ils existent \u00e0 des degr\u00e9s diff\u00e9rents en chacun de nous. Et parfois, nous emp\u00eachent d&#8217;aller de l&#8217;avant en sabordant notre lucidit\u00e9, notre capacit\u00e9 \u00e0 \u00eatre r\u00e9silient, \u00e0 \u00eatre v\u00e9ritablement soi-m\u00eame avec un esprit clair.<\/p>\n\n\n\n<p>Le Juge est le Saboteur universel qui afflige tout le monde. Il vous avertit de mani\u00e8re obsessionnelle des risques futurs, vous r\u00e9veille au milieu de la nuit en vous inqui\u00e9tant et vous obs\u00e8de sur ce qui ne va pas chez les autres ou dans votre vie.<\/p>\n\n\n\n<p>Le Juge active vos autres Saboteurs, et il se manifeste de trois mani\u00e8res diff\u00e9rentes:<\/p>\n\n\n\n<p>\ud83d\udc49 Se juger soi-m\u00eame<br>\ud83d\udc49 Juger les autres<br>\ud83d\udc49 Juger des \u00e9v\u00e9nements ou des circonstances<br><br>Et vous ? Voulez-vous connaitre vos saboteurs ?  La premi\u00e8re \u00e9tape pour les identifier et les comprendre se fera par ce <a href=\"https:\/\/assessment.positiveintelligence.com\/saboteur\">questionnaire<\/a> . Pour la seconde \u00e9tape,  je vous invite simplement \u00e0 en discuter avec moi lors d&#8217;une s\u00e9ance gratuite.<br><\/p>\n\n\n\n<div class=\"wp-block-buttons is-content-justification-center is-layout-flex wp-container-core-buttons-is-layout-a89b3969 wp-block-buttons-is-layout-flex\">\n<div class=\"wp-block-button\"><a class=\"wp-block-button__link wp-element-button broken_link\" href=\"https:\/\/emmanuelherve.fr\/Contact\">Pour me contacter<\/a><\/div>\n<\/div>\n\n\n\n<blockquote class=\"wp-block-quote is-layout-flow wp-block-quote-is-layout-flow\">\n<p><em><strong>T\u00e9moignage d&#8217;Emilie (juin 2023) :<\/strong><\/em><\/p>\n\n\n\n<p>Je viens de terminer l&#8217;accompagnement de 6 semaines et &#8230;. quel bienfait !<\/p>\n\n\n\n<p>J&#8217;ai une sensation de repos que je n&#8217;avais pas eu depuis longtemps malgr\u00e9 un emploi du temps en ce moment assez charg\u00e9. Cet accompagnement m&#8217;a permis de faire le point, surtout de prendre le temps de me poser et de &#8220;mettre pause&#8221;, de m&#8217;autoriser&nbsp;\u00e0 &#8220;prendre le temps&#8221;.<\/p>\n\n\n\n<p>De nature hyperactive, toujours sur tous les fronts, j&#8217;aborde ma charge de travail beaucoup plus sereinement et j&#8217;ai la sensation d&#8217;avoir bien diminu\u00e9 ma charge mentale.<\/p>\n\n\n\n<p>J&#8217;ai dor\u00e9navant les cl\u00e9s pour continuer, merci Manu !<\/p>\n<\/blockquote>\n\n\n\n<hr class=\"wp-block-separator has-alpha-channel-opacity\"\/>\n\n\n\n<p class=\"has-small-font-size\"><strong>La pr\u00e9sentation que je donne en conf\u00e9rence : <\/strong><a href=\"https:\/\/emmanuelhervefr.files.wordpress.com\/2023\/04\/abordage-saboteurs.pdf\">A l&#8217;abordage de nos saboteurs<\/a> !<\/p>\n\n\n\n<div data-wp-interactive=\"core\/file\" class=\"wp-block-file\"><object data-wp-bind--hidden=\"!state.hasPdfPreview\" hidden class=\"wp-block-file__embed\" data=\"https:\/\/emmanuelhervefr.files.wordpress.com\/2023\/04\/abordage-saboteurs.pdf\" type=\"application\/pdf\" style=\"width:100%;height:600px\" aria-label=\"PDF embarqu\u00e9\"><\/object><\/div>\n","protected":false},"excerpt":{"rendered":"<p>A travers un programme de 6 \u00e0 8 semaines, je vous accompagne pour faire &#8220;sauter&#8221; ces verrous, &#8220;muscler&#8221; votre cerveau et d\u00e9veloppez [&hellip;]<\/p>\n","protected":false},"author":1,"featured_media":16,"parent":0,"menu_order":0,"comment_status":"closed","ping_status":"closed","template":"","meta":{"om_disable_all_campaigns":false,"_monsterinsights_skip_tracking":false,"_monsterinsights_sitenote_active":false,"_monsterinsights_sitenote_note":"","_monsterinsights_sitenote_category":0,"_uf_show_specific_survey":0,"_uf_disable_surveys":false,"_themeisle_gutenberg_block_has_review":false,"footnotes":""},"class_list":["post-202","page","type-page","status-publish","has-post-thumbnail","hentry"],"aioseo_notices":[],"_links":{"self":[{"href":"https:\/\/emmanuel-herve.com\/index.php\/wp-json\/wp\/v2\/pages\/202","targetHints":{"allow":["GET"]}}],"collection":[{"href":"https:\/\/emmanuel-herve.com\/index.php\/wp-json\/wp\/v2\/pages"}],"about":[{"href":"https:\/\/emmanuel-herve.com\/index.php\/wp-json\/wp\/v2\/types\/page"}],"author":[{"embeddable":true,"href":"https:\/\/emmanuel-herve.com\/index.php\/wp-json\/wp\/v2\/users\/1"}],"replies":[{"embeddable":true,"href":"https:\/\/emmanuel-herve.com\/index.php\/wp-json\/wp\/v2\/comments?post=202"}],"version-history":[{"count":2,"href":"https:\/\/emmanuel-herve.com\/index.php\/wp-json\/wp\/v2\/pages\/202\/revisions"}],"predecessor-version":[{"id":760,"href":"https:\/\/emmanuel-herve.com\/index.php\/wp-json\/wp\/v2\/pages\/202\/revisions\/760"}],"wp:featuredmedia":[{"embeddable":true,"href":"https:\/\/emmanuel-herve.com\/index.php\/wp-json\/wp\/v2\/media\/16"}],"wp:attachment":[{"href":"https:\/\/emmanuel-herve.com\/index.php\/wp-json\/wp\/v2\/media?parent=202"}],"curies":[{"name":"wp","href":"https:\/\/api.w.org\/{rel}","templated":true}]}}